{"id":4430,"date":"2024-10-10T19:53:53","date_gmt":"2024-10-10T19:53:53","guid":{"rendered":"https:\/\/techcare.com.gt\/?post_type=product&#038;p=4430"},"modified":"2025-11-25T19:15:52","modified_gmt":"2025-11-25T19:15:52","slug":"eset-nod-32-antivirus-1-usuario-1-ano","status":"publish","type":"product","link":"https:\/\/techcare.com.gt\/index.php\/producto\/eset-nod-32-antivirus-1-usuario-1-ano\/","title":{"rendered":"ESET NOD 32 Antivirus (1 usuario, 1 a\u00f1o)"},"content":{"rendered":"<p><strong>Protecci\u00f3n Antivirus<\/strong> proactiva contra todo tipo de malware, incluidos virus, troyanos, gusanos y spyware.<\/p>\n<p><strong>El antiphishing <\/strong>bloquea las p\u00e1ginas que intentan robar tus datos personales para evitar el robo de identidad y el uso indebido de tu informaci\u00f3n.<\/p>\n<p><strong>El Escudo contra Ransomware <\/strong>bloquea el malware que intenta impedirte el acceso a tus datos para exigir el pago de un \u00abrescate\u00bb<strong>.<\/strong><\/p>\n<p><strong>El Control de Dispositivos <\/strong>evita la copia no autorizada de tus datos privados a un dispositivo externo.<\/p>\n<p><strong>La Inteligencia Artificial<\/strong> integrada en nuestra protecci\u00f3n detecta malware avanzado nunca antes visto, pero con un impacto m\u00ednimo en el rendimiento.<\/p>\n<p><strong>Las actualizaciones livianas de producto<\/strong> garantizan que te beneficies de las nuevas tecnolog\u00edas de protecci\u00f3n tan pronto como est\u00e9n disponibles, para un alto nivel de seguridad continuo.<\/p>\n","protected":false},"excerpt":{"rendered":"<p>Protecci\u00f3n Antivirus proactiva contra todo tipo de malware, incluidos virus, troyanos, gusanos y spyware. El antiphishing bloquea las p\u00e1ginas que intentan robar tus datos personales para evitar el robo de identidad y el uso indebido de tu informaci\u00f3n. El Escudo contra Ransomware bloquea el malware que intenta impedirte el acceso a tus datos para exigir [&hellip;]<\/p>\n","protected":false},"featured_media":4431,"comment_status":"open","ping_status":"closed","template":"","meta":{"site-sidebar-layout":"default","site-content-layout":"","ast-site-content-layout":"default","site-content-style":"default","site-sidebar-style":"default","ast-global-header-display":"","ast-banner-title-visibility":"","ast-main-header-display":"","ast-hfb-above-header-display":"","ast-hfb-below-header-display":"","ast-hfb-mobile-header-display":"","site-post-title":"","ast-breadcrumbs-content":"","ast-featured-img":"","footer-sml-layout":"","theme-transparent-header-meta":"default","adv-header-id-meta":"","stick-header-meta":"","header-above-stick-meta":"","header-main-stick-meta":"","header-below-stick-meta":"","astra-migrate-meta-layouts":"set","ast-page-background-enabled":"default","ast-page-background-meta":{"desktop":{"background-color":"var(--ast-global-color-4)","background-image":"","background-repeat":"repeat","background-position":"center center","background-size":"auto","background-attachment":"scroll","background-type":"","background-media":"","overlay-type":"","overlay-color":"","overlay-opacity":"","overlay-gradient":""},"tablet":{"background-color":"","background-image":"","background-repeat":"repeat","background-position":"center center","background-size":"auto","background-attachment":"scroll","background-type":"","background-media":"","overlay-type":"","overlay-color":"","overlay-opacity":"","overlay-gradient":""},"mobile":{"background-color":"","background-image":"","background-repeat":"repeat","background-position":"center center","background-size":"auto","background-attachment":"scroll","background-type":"","background-media":"","overlay-type":"","overlay-color":"","overlay-opacity":"","overlay-gradient":""}},"ast-content-background-meta":{"desktop":{"background-color":"var(--ast-global-color-5)","background-image":"","background-repeat":"repeat","background-position":"center center","background-size":"auto","background-attachment":"scroll","background-type":"","background-media":"","overlay-type":"","overlay-color":"","overlay-opacity":"","overlay-gradient":""},"tablet":{"background-color":"var(--ast-global-color-5)","background-image":"","background-repeat":"repeat","background-position":"center center","background-size":"auto","background-attachment":"scroll","background-type":"","background-media":"","overlay-type":"","overlay-color":"","overlay-opacity":"","overlay-gradient":""},"mobile":{"background-color":"var(--ast-global-color-5)","background-image":"","background-repeat":"repeat","background-position":"center center","background-size":"auto","background-attachment":"scroll","background-type":"","background-media":"","overlay-type":"","overlay-color":"","overlay-opacity":"","overlay-gradient":""}}},"product_cat":[50,48],"product_tag":[63,62,67,66,64,65],"class_list":{"0":"post-4430","1":"product","2":"type-product","3":"status-publish","4":"has-post-thumbnail","6":"product_cat-antivirus","7":"product_cat-licenciamiento","8":"product_tag-antivirus","9":"product_tag-eset","10":"product_tag-eset-nod-32","11":"product_tag-nod-32","12":"product_tag-virus","13":"product_tag-virus-de-computadora","14":"desktop-align-center","15":"tablet-align-left","16":"mobile-align-center","18":"first","19":"instock","20":"virtual","21":"taxable","22":"purchasable","23":"product-type-simple"},"jetpack_sharing_enabled":true,"_links":{"self":[{"href":"https:\/\/techcare.com.gt\/index.php\/wp-json\/wp\/v2\/product\/4430","targetHints":{"allow":["GET"]}}],"collection":[{"href":"https:\/\/techcare.com.gt\/index.php\/wp-json\/wp\/v2\/product"}],"about":[{"href":"https:\/\/techcare.com.gt\/index.php\/wp-json\/wp\/v2\/types\/product"}],"replies":[{"embeddable":true,"href":"https:\/\/techcare.com.gt\/index.php\/wp-json\/wp\/v2\/comments?post=4430"}],"wp:featuredmedia":[{"embeddable":true,"href":"https:\/\/techcare.com.gt\/index.php\/wp-json\/wp\/v2\/media\/4431"}],"wp:attachment":[{"href":"https:\/\/techcare.com.gt\/index.php\/wp-json\/wp\/v2\/media?parent=4430"}],"wp:term":[{"taxonomy":"product_cat","embeddable":true,"href":"https:\/\/techcare.com.gt\/index.php\/wp-json\/wp\/v2\/product_cat?post=4430"},{"taxonomy":"product_tag","embeddable":true,"href":"https:\/\/techcare.com.gt\/index.php\/wp-json\/wp\/v2\/product_tag?post=4430"}],"curies":[{"name":"wp","href":"https:\/\/api.w.org\/{rel}","templated":true}]}}