{"id":4428,"date":"2024-10-10T19:40:06","date_gmt":"2024-10-10T19:40:06","guid":{"rendered":"https:\/\/techcare.com.gt\/?post_type=product&#038;p=4428"},"modified":"2025-10-02T21:49:32","modified_gmt":"2025-10-02T21:49:32","slug":"office-365-familia-1-ano","status":"publish","type":"product","link":"https:\/\/techcare.com.gt\/index.php\/producto\/office-365-familia-1-ano\/","title":{"rendered":"Office 365 Familia (1 a\u00f1o)"},"content":{"rendered":"<p>Con Microsoft 365, obtendr\u00e1s protecci\u00f3n online, almacenamiento seguro en la nube y aplicaciones innovadoras, todo en un solo plan.<\/p>\n<ul>\n<li>Para un m\u00e1ximo de seis personas<\/li>\n<li>Inicia sesi\u00f3n hasta en cinco dispositivos a la vez<\/li>\n<li>Puede utilizarse en PC, Mac, tel\u00e9fonos y tabletas<\/li>\n<li>Hasta 6 TB de almacenamiento seguro en la nube<\/li>\n<li>Aplicaciones con caracter\u00edsticas premium y acceso sin conexi\u00f3n<\/li>\n<li>Correo electr\u00f3nico seguro sin anuncios<\/li>\n<\/ul>\n","protected":false},"excerpt":{"rendered":"<p>Con Microsoft 365, obtendr\u00e1s protecci\u00f3n online, almacenamiento seguro en la nube y aplicaciones innovadoras, todo en un solo plan. Para un m\u00e1ximo de seis personas Inicia sesi\u00f3n hasta en cinco dispositivos a la vez Puede utilizarse en PC, Mac, tel\u00e9fonos y tabletas Hasta 6 TB de almacenamiento seguro en la nube Aplicaciones con caracter\u00edsticas premium [&hellip;]<\/p>\n","protected":false},"featured_media":4429,"comment_status":"open","ping_status":"closed","template":"","meta":{"site-sidebar-layout":"default","site-content-layout":"","ast-site-content-layout":"default","site-content-style":"default","site-sidebar-style":"default","ast-global-header-display":"","ast-banner-title-visibility":"","ast-main-header-display":"","ast-hfb-above-header-display":"","ast-hfb-below-header-display":"","ast-hfb-mobile-header-display":"","site-post-title":"","ast-breadcrumbs-content":"","ast-featured-img":"","footer-sml-layout":"","theme-transparent-header-meta":"default","adv-header-id-meta":"","stick-header-meta":"","header-above-stick-meta":"","header-main-stick-meta":"","header-below-stick-meta":"","astra-migrate-meta-layouts":"set","ast-page-background-enabled":"default","ast-page-background-meta":{"desktop":{"background-color":"var(--ast-global-color-4)","background-image":"","background-repeat":"repeat","background-position":"center center","background-size":"auto","background-attachment":"scroll","background-type":"","background-media":"","overlay-type":"","overlay-color":"","overlay-opacity":"","overlay-gradient":""},"tablet":{"background-color":"","background-image":"","background-repeat":"repeat","background-position":"center center","background-size":"auto","background-attachment":"scroll","background-type":"","background-media":"","overlay-type":"","overlay-color":"","overlay-opacity":"","overlay-gradient":""},"mobile":{"background-color":"","background-image":"","background-repeat":"repeat","background-position":"center center","background-size":"auto","background-attachment":"scroll","background-type":"","background-media":"","overlay-type":"","overlay-color":"","overlay-opacity":"","overlay-gradient":""}},"ast-content-background-meta":{"desktop":{"background-color":"var(--ast-global-color-5)","background-image":"","background-repeat":"repeat","background-position":"center center","background-size":"auto","background-attachment":"scroll","background-type":"","background-media":"","overlay-type":"","overlay-color":"","overlay-opacity":"","overlay-gradient":""},"tablet":{"background-color":"var(--ast-global-color-5)","background-image":"","background-repeat":"repeat","background-position":"center center","background-size":"auto","background-attachment":"scroll","background-type":"","background-media":"","overlay-type":"","overlay-color":"","overlay-opacity":"","overlay-gradient":""},"mobile":{"background-color":"var(--ast-global-color-5)","background-image":"","background-repeat":"repeat","background-position":"center center","background-size":"auto","background-attachment":"scroll","background-type":"","background-media":"","overlay-type":"","overlay-color":"","overlay-opacity":"","overlay-gradient":""}}},"product_cat":[48,49],"product_tag":[57,59,55,52,51,61,60,56],"class_list":{"0":"post-4428","1":"product","2":"type-product","3":"status-publish","4":"has-post-thumbnail","6":"product_cat-licenciamiento","7":"product_cat-office","8":"product_tag-excel","9":"product_tag-licencia-de-office","10":"product_tag-microsoft-office","11":"product_tag-office","12":"product_tag-office-365","13":"product_tag-office-para-mac","14":"product_tag-power-point","15":"product_tag-word","16":"desktop-align-center","17":"tablet-align-left","18":"mobile-align-center","20":"first","21":"instock","22":"virtual","23":"taxable","24":"purchasable","25":"product-type-simple"},"jetpack_sharing_enabled":true,"_links":{"self":[{"href":"https:\/\/techcare.com.gt\/index.php\/wp-json\/wp\/v2\/product\/4428","targetHints":{"allow":["GET"]}}],"collection":[{"href":"https:\/\/techcare.com.gt\/index.php\/wp-json\/wp\/v2\/product"}],"about":[{"href":"https:\/\/techcare.com.gt\/index.php\/wp-json\/wp\/v2\/types\/product"}],"replies":[{"embeddable":true,"href":"https:\/\/techcare.com.gt\/index.php\/wp-json\/wp\/v2\/comments?post=4428"}],"wp:featuredmedia":[{"embeddable":true,"href":"https:\/\/techcare.com.gt\/index.php\/wp-json\/wp\/v2\/media\/4429"}],"wp:attachment":[{"href":"https:\/\/techcare.com.gt\/index.php\/wp-json\/wp\/v2\/media?parent=4428"}],"wp:term":[{"taxonomy":"product_cat","embeddable":true,"href":"https:\/\/techcare.com.gt\/index.php\/wp-json\/wp\/v2\/product_cat?post=4428"},{"taxonomy":"product_tag","embeddable":true,"href":"https:\/\/techcare.com.gt\/index.php\/wp-json\/wp\/v2\/product_tag?post=4428"}],"curies":[{"name":"wp","href":"https:\/\/api.w.org\/{rel}","templated":true}]}}